{"id":2563,"date":"2025-12-04T13:43:54","date_gmt":"2025-12-04T11:43:54","guid":{"rendered":"https:\/\/bk-site-amp104.top\/?page_id=2563"},"modified":"2025-12-04T13:43:54","modified_gmt":"2025-12-04T11:43:54","slug":"datenschutzrichtlinie","status":"publish","type":"page","link":"https:\/\/bk-site-amp104.top\/datenschutzrichtlinie\/","title":{"rendered":"Datenschutzrichtlinie"},"content":{"rendered":"<h1>Datenschutzrichtlinie<\/h1>\n<h2>Datenschutz bei Dolly Casino Deutschland<\/h2>\n<p>Der Schutz Ihrer pers\u00f6nlichen Daten hat bei Dolly Casino DE h\u00f6chste Priorit\u00e4t. Wir verstehen, dass Sie gro\u00dfen Wert auf die Sicherheit Ihrer pers\u00f6nlichen und finanziellen Informationen legen. Aus diesem Grund haben wir strenge Ma\u00dfnahmen zum Schutz Ihrer Daten ergriffen und gew\u00e4hrleisten, dass Ihre Informationen nur gem\u00e4\u00df den Datenschutzbestimmungen verwendet werden.<\/p>\n<h2>Erhebung von Daten:<\/h2>\n<p>Wir erheben nur die Informationen, die f\u00fcr die Bereitstellung unserer Dienste notwendig sind. Dazu geh\u00f6ren:<\/p>\n<ul>\n<li>Pers\u00f6nliche Informationen: Name, Adresse, Geburtsdatum, E-Mail und Telefonnummer.<\/li>\n<li>Zahlungsinformationen: Informationen, die zur Durchf\u00fchrung von Zahlungen erforderlich sind, wie Bankdaten oder E-Wallet-Details.<\/li>\n<li>Spieleraktivit\u00e4t: Informationen \u00fcber Ihre Nutzung der Plattform, um das Spielerlebnis zu personalisieren.<\/li>\n<\/ul>\n<h2>Datenschutz und Sicherheit:<\/h2>\n<p>Alle von uns gesammelten Daten werden durch fortschrittliche Sicherheitsprotokolle gesch\u00fctzt, einschlie\u00dflich der Verschl\u00fcsselung von Daten w\u00e4hrend der \u00dcbertragung. Wir verwenden nur zuverl\u00e4ssige Zahlungsanbieter, die h\u00f6chste Sicherheitsstandards einhalten.<\/p>\n<h2>Datenweitergabe:<\/h2>\n<p>Ihre Daten werden nicht an Dritte verkauft oder f\u00fcr kommerzielle Zwecke weitergegeben. Wir teilen Ihre Daten nur dann mit Dritten, wenn dies f\u00fcr die Erf\u00fcllung gesetzlicher Anforderungen oder die Bereitstellung von Dienstleistungen notwendig ist.<\/p>\n<h2>Ihre Rechte:<\/h2>\n<p>Sie haben jederzeit das Recht, auf Ihre gespeicherten Daten zuzugreifen, diese zu korrigieren oder zu l\u00f6schen. Bei Fragen zur Verarbeitung Ihrer Daten k\u00f6nnen Sie uns jederzeit kontaktieren.<\/p>\n","protected":false},"excerpt":{"rendered":"<p>Datenschutzrichtlinie Datenschutz bei Dolly Casino Deutschland Der Schutz Ihrer pers\u00f6nlichen Daten hat bei Dolly Casino DE h\u00f6chste Priorit\u00e4t. Wir verstehen, dass Sie gro\u00dfen Wert auf die Sicherheit Ihrer pers\u00f6nlichen und finanziellen Informationen legen. Aus diesem Grund haben wir strenge Ma\u00dfnahmen zum Schutz Ihrer Daten ergriffen und gew\u00e4hrleisten, dass Ihre Informationen nur gem\u00e4\u00df den Datenschutzbestimmungen verwendet [&hellip;]<\/p>\n","protected":false},"author":1,"featured_media":0,"parent":0,"menu_order":0,"comment_status":"closed","ping_status":"closed","template":"","meta":{"_acf_changed":false,"footnotes":""},"class_list":["post-2563","page","type-page","status-publish","hentry"],"acf":[],"yoast_head":"<!-- This site is optimized with the Yoast SEO plugin v27.1.1 - https:\/\/yoast.com\/product\/yoast-seo-wordpress\/ -->\n<title>Datenschutz bei Dolly Casino Deutschland \u2013 So sch\u00fctzen wir Ihre Daten<\/title>\n<meta name=\"description\" content=\"Erfahren Sie, wie Dolly Casino DE Ihre pers\u00f6nlichen Daten sch\u00fctzt. Unsere Datenschutzrichtlinie sorgt f\u00fcr Ihre Sicherheit und stellt sicher, dass Ihre Daten gesch\u00fctzt bleiben\" \/>\n<meta name=\"robots\" content=\"index, follow, max-snippet:-1, max-image-preview:large, max-video-preview:-1\" \/>\n<link rel=\"canonical\" href=\"https:\/\/bk-site-amp104.top\/datenschutzrichtlinie\/\" \/>\n<meta property=\"og:locale\" content=\"ru_RU\" \/>\n<meta property=\"og:type\" content=\"article\" \/>\n<meta property=\"og:title\" content=\"Datenschutz bei Dolly Casino Deutschland \u2013 So sch\u00fctzen wir Ihre Daten\" \/>\n<meta property=\"og:description\" content=\"Erfahren Sie, wie Dolly Casino DE Ihre pers\u00f6nlichen Daten sch\u00fctzt. Unsere Datenschutzrichtlinie sorgt f\u00fcr Ihre Sicherheit und stellt sicher, dass Ihre Daten gesch\u00fctzt bleiben\" \/>\n<meta property=\"og:url\" content=\"https:\/\/bk-site-amp104.top\/datenschutzrichtlinie\/\" \/>\n<meta property=\"og:site_name\" content=\"bk-site-amp104.top\" \/>\n<meta name=\"twitter:card\" content=\"summary_large_image\" \/>\n<meta name=\"twitter:label1\" content=\"\u041f\u0440\u0438\u043c\u0435\u0440\u043d\u043e\u0435 \u0432\u0440\u0435\u043c\u044f \u0434\u043b\u044f \u0447\u0442\u0435\u043d\u0438\u044f\" \/>\n\t<meta name=\"twitter:data1\" content=\"2 \u043c\u0438\u043d\u0443\u0442\u044b\" \/>\n<script type=\"application\/ld+json\" class=\"yoast-schema-graph\">{\"@context\":\"https:\/\/schema.org\",\"@graph\":[{\"@type\":\"WebPage\",\"@id\":\"https:\/\/bk-site-amp104.top\/datenschutzrichtlinie\/\",\"url\":\"https:\/\/bk-site-amp104.top\/datenschutzrichtlinie\/\",\"name\":\"Datenschutz bei Dolly Casino Deutschland \u2013 So sch\u00fctzen wir Ihre Daten\",\"isPartOf\":{\"@id\":\"https:\/\/bk-site-amp104.top\/#website\"},\"datePublished\":\"2025-12-04T11:43:54+00:00\",\"description\":\"Erfahren Sie, wie Dolly Casino DE Ihre pers\u00f6nlichen Daten sch\u00fctzt. Unsere Datenschutzrichtlinie sorgt f\u00fcr Ihre Sicherheit und stellt sicher, dass Ihre Daten gesch\u00fctzt bleiben\",\"breadcrumb\":{\"@id\":\"https:\/\/bk-site-amp104.top\/datenschutzrichtlinie\/#breadcrumb\"},\"inLanguage\":\"ru-RU\",\"potentialAction\":[{\"@type\":\"ReadAction\",\"target\":[\"https:\/\/bk-site-amp104.top\/datenschutzrichtlinie\/\"]}]},{\"@type\":\"BreadcrumbList\",\"@id\":\"https:\/\/bk-site-amp104.top\/datenschutzrichtlinie\/#breadcrumb\",\"itemListElement\":[{\"@type\":\"ListItem\",\"position\":1,\"name\":\"\u0413\u043b\u0430\u0432\u043d\u0430\u044f \u0441\u0442\u0440\u0430\u043d\u0438\u0446\u0430\",\"item\":\"https:\/\/bk-site-amp104.top\/\"},{\"@type\":\"ListItem\",\"position\":2,\"name\":\"Datenschutzrichtlinie\"}]},{\"@type\":\"WebSite\",\"@id\":\"https:\/\/bk-site-amp104.top\/#website\",\"url\":\"https:\/\/bk-site-amp104.top\/\",\"name\":\"bk-site-amp104.top\",\"description\":\"\",\"potentialAction\":[{\"@type\":\"SearchAction\",\"target\":{\"@type\":\"EntryPoint\",\"urlTemplate\":\"https:\/\/bk-site-amp104.top\/?s={search_term_string}\"},\"query-input\":{\"@type\":\"PropertyValueSpecification\",\"valueRequired\":true,\"valueName\":\"search_term_string\"}}],\"inLanguage\":\"ru-RU\"}]}<\/script>\n<!-- \/ Yoast SEO plugin. -->","yoast_head_json":{"title":"Datenschutz bei Dolly Casino Deutschland \u2013 So sch\u00fctzen wir Ihre Daten","description":"Erfahren Sie, wie Dolly Casino DE Ihre pers\u00f6nlichen Daten sch\u00fctzt. Unsere Datenschutzrichtlinie sorgt f\u00fcr Ihre Sicherheit und stellt sicher, dass Ihre Daten gesch\u00fctzt bleiben","robots":{"index":"index","follow":"follow","max-snippet":"max-snippet:-1","max-image-preview":"max-image-preview:large","max-video-preview":"max-video-preview:-1"},"canonical":"https:\/\/bk-site-amp104.top\/datenschutzrichtlinie\/","og_locale":"ru_RU","og_type":"article","og_title":"Datenschutz bei Dolly Casino Deutschland \u2013 So sch\u00fctzen wir Ihre Daten","og_description":"Erfahren Sie, wie Dolly Casino DE Ihre pers\u00f6nlichen Daten sch\u00fctzt. Unsere Datenschutzrichtlinie sorgt f\u00fcr Ihre Sicherheit und stellt sicher, dass Ihre Daten gesch\u00fctzt bleiben","og_url":"https:\/\/bk-site-amp104.top\/datenschutzrichtlinie\/","og_site_name":"bk-site-amp104.top","twitter_card":"summary_large_image","twitter_misc":{"\u041f\u0440\u0438\u043c\u0435\u0440\u043d\u043e\u0435 \u0432\u0440\u0435\u043c\u044f \u0434\u043b\u044f \u0447\u0442\u0435\u043d\u0438\u044f":"2 \u043c\u0438\u043d\u0443\u0442\u044b"},"schema":{"@context":"https:\/\/schema.org","@graph":[{"@type":"WebPage","@id":"https:\/\/bk-site-amp104.top\/datenschutzrichtlinie\/","url":"https:\/\/bk-site-amp104.top\/datenschutzrichtlinie\/","name":"Datenschutz bei Dolly Casino Deutschland \u2013 So sch\u00fctzen wir Ihre Daten","isPartOf":{"@id":"https:\/\/bk-site-amp104.top\/#website"},"datePublished":"2025-12-04T11:43:54+00:00","description":"Erfahren Sie, wie Dolly Casino DE Ihre pers\u00f6nlichen Daten sch\u00fctzt. Unsere Datenschutzrichtlinie sorgt f\u00fcr Ihre Sicherheit und stellt sicher, dass Ihre Daten gesch\u00fctzt bleiben","breadcrumb":{"@id":"https:\/\/bk-site-amp104.top\/datenschutzrichtlinie\/#breadcrumb"},"inLanguage":"ru-RU","potentialAction":[{"@type":"ReadAction","target":["https:\/\/bk-site-amp104.top\/datenschutzrichtlinie\/"]}]},{"@type":"BreadcrumbList","@id":"https:\/\/bk-site-amp104.top\/datenschutzrichtlinie\/#breadcrumb","itemListElement":[{"@type":"ListItem","position":1,"name":"\u0413\u043b\u0430\u0432\u043d\u0430\u044f \u0441\u0442\u0440\u0430\u043d\u0438\u0446\u0430","item":"https:\/\/bk-site-amp104.top\/"},{"@type":"ListItem","position":2,"name":"Datenschutzrichtlinie"}]},{"@type":"WebSite","@id":"https:\/\/bk-site-amp104.top\/#website","url":"https:\/\/bk-site-amp104.top\/","name":"bk-site-amp104.top","description":"","potentialAction":[{"@type":"SearchAction","target":{"@type":"EntryPoint","urlTemplate":"https:\/\/bk-site-amp104.top\/?s={search_term_string}"},"query-input":{"@type":"PropertyValueSpecification","valueRequired":true,"valueName":"search_term_string"}}],"inLanguage":"ru-RU"}]}},"amp_enabled":true,"_links":{"self":[{"href":"https:\/\/bk-site-amp104.top\/wp-json\/wp\/v2\/pages\/2563","targetHints":{"allow":["GET"]}}],"collection":[{"href":"https:\/\/bk-site-amp104.top\/wp-json\/wp\/v2\/pages"}],"about":[{"href":"https:\/\/bk-site-amp104.top\/wp-json\/wp\/v2\/types\/page"}],"author":[{"embeddable":true,"href":"https:\/\/bk-site-amp104.top\/wp-json\/wp\/v2\/users\/1"}],"replies":[{"embeddable":true,"href":"https:\/\/bk-site-amp104.top\/wp-json\/wp\/v2\/comments?post=2563"}],"version-history":[{"count":1,"href":"https:\/\/bk-site-amp104.top\/wp-json\/wp\/v2\/pages\/2563\/revisions"}],"predecessor-version":[{"id":2564,"href":"https:\/\/bk-site-amp104.top\/wp-json\/wp\/v2\/pages\/2563\/revisions\/2564"}],"wp:attachment":[{"href":"https:\/\/bk-site-amp104.top\/wp-json\/wp\/v2\/media?parent=2563"}],"curies":[{"name":"wp","href":"https:\/\/api.w.org\/{rel}","templated":true}]}}